{"id":1669,"date":"2024-04-16T17:26:15","date_gmt":"2024-04-16T15:26:15","guid":{"rendered":"https:\/\/csrdauditor.eu\/?page_id=1669"},"modified":"2024-04-17T02:03:27","modified_gmt":"2024-04-17T00:03:27","slug":"tools-esrs-csrd","status":"publish","type":"page","link":"https:\/\/csrdauditor.eu\/it\/tools-esrs-csrd\/","title":{"rendered":"Tools ESRS\/CSRD"},"content":{"rendered":"<div data-elementor-type=\"wp-page\" data-elementor-id=\"1669\" class=\"elementor elementor-1669\" data-elementor-post-type=\"page\">\n\t\t\t\t<div data-particle_enable=\"false\" data-particle-mobile-disabled=\"false\" class=\"elementor-element elementor-element-5a93586 e-flex e-con-boxed e-con e-parent\" data-id=\"5a93586\" data-element_type=\"container\" data-settings=\"{&quot;ekit_has_onepagescroll_dot&quot;:&quot;yes&quot;}\">\n\t\t\t\t\t<div class=\"e-con-inner\">\n\t\t\t\t<div class=\"elementor-element elementor-element-fffe47a elementor-widget elementor-widget-eael-cta-box\" data-id=\"fffe47a\" data-element_type=\"widget\" data-settings=\"{&quot;ekit_we_effect_on&quot;:&quot;none&quot;}\" data-no-translation=\"\" data-widget_type=\"eael-cta-box.default\">\n\t\t\t\t<div class=\"elementor-widget-container\">\n\t\t\t<style>.elementor-element-fffe47a{display:none !important}<\/style>\t\t<\/div>\n\t\t\t\t<\/div>\n\t\t\t\t<div class=\"elementor-element elementor-element-9807949 elementor-widget elementor-widget-eael-cta-box\" data-id=\"9807949\" data-element_type=\"widget\" data-settings=\"{&quot;ekit_we_effect_on&quot;:&quot;none&quot;}\" data-no-translation=\"\" data-widget_type=\"eael-cta-box.default\">\n\t\t\t\t<div class=\"elementor-widget-container\">\n\t\t\t\t\t\t\t<div class=\"eael-call-to-action cta-icon-flex bg-lite cta-preset-1\">\n\t    <div class=\"icon\">\n\t\t\t\t\t\t\t<i class=\"fas fa-check-double\"><\/i>\t    <\/div>\n\t    <div class=\"content\">\n            <h2 class=\"title\">ISSA 5000 CheckList<\/h2><p>Lista di controllo per gli Incarichi di Assurance sulla Sostenibilit\u00e0: Garantire la Conformit\u00e0 e la Qualit\u00e0 in tutte le fasi<\/p>\t    <\/div>\n\t    <div class=\"action\">\n            <a href=\"\/issa-5000-checklist\/\" class=\"cta-button\">Richiedi<\/a>\t    <\/div>\n\t<\/div>\n\t\t\t\t<\/div>\n\t\t\t\t<\/div>\n\t\t\t\t\t<\/div>\n\t\t\t\t<\/div>\n\t\t\t\t<\/div>","protected":false},"excerpt":{"rendered":"<p>ISSA 5000 CheckList Detailed Protocols for Sustainability Assurance Engagements: Ensuring Compliance &#8230; <\/p>","protected":false},"author":1,"featured_media":0,"parent":0,"menu_order":0,"comment_status":"closed","ping_status":"closed","template":"","meta":{"_acf_changed":false,"_analytify_skip_tracking":false,"footnotes":""},"class_list":["post-1669","page","type-page","status-publish","hentry"],"acf":[],"yoast_head":"<!-- This site is optimized with the Yoast SEO Premium plugin v23.2 (Yoast SEO v23.2) - https:\/\/yoast.com\/wordpress\/plugins\/seo\/ -->\n<title>Tools ESRS\/CSRD - CSRD Auditor<\/title>\n<meta name=\"robots\" content=\"index, follow, max-snippet:-1, max-image-preview:large, max-video-preview:-1\" \/>\n<link rel=\"canonical\" href=\"https:\/\/csrdauditor.eu\/it\/tools-esrs-csrd\/\" \/>\n<meta property=\"og:locale\" content=\"it_IT\" \/>\n<meta property=\"og:type\" content=\"article\" \/>\n<meta property=\"og:title\" content=\"Tools ESRS\/CSRD\" \/>\n<meta property=\"og:description\" content=\"ISSA 5000 CheckList Detailed Protocols for Sustainability Assurance Engagements: Ensuring Compliance ...\" \/>\n<meta property=\"og:url\" content=\"https:\/\/csrdauditor.eu\/it\/tools-esrs-csrd\/\" \/>\n<meta property=\"og:site_name\" content=\"CSRD Auditor\" \/>\n<meta property=\"article:publisher\" content=\"https:\/\/www.facebook.com\/csrdauditor\/\" \/>\n<meta property=\"article:modified_time\" content=\"2024-04-17T00:03:27+00:00\" \/>\n<meta property=\"og:image\" content=\"https:\/\/csrdauditor.eu\/wp-content\/uploads\/2024\/01\/logo_csrd_2024_blue.png\" \/>\n\t<meta property=\"og:image:width\" content=\"1239\" \/>\n\t<meta property=\"og:image:height\" content=\"219\" \/>\n\t<meta property=\"og:image:type\" content=\"image\/png\" \/>\n<meta name=\"twitter:card\" content=\"summary_large_image\" \/>\n<meta name=\"twitter:label1\" content=\"Tempo di lettura stimato\" \/>\n\t<meta name=\"twitter:data1\" content=\"1 minuto\" \/>\n<script type=\"application\/ld+json\" class=\"yoast-schema-graph\">{\"@context\":\"https:\/\/schema.org\",\"@graph\":[{\"@type\":\"WebPage\",\"@id\":\"https:\/\/csrdauditor.eu\/tools-esrs-csrd\/\",\"url\":\"https:\/\/csrdauditor.eu\/tools-esrs-csrd\/\",\"name\":\"Tools ESRS\/CSRD - CSRD Auditor\",\"isPartOf\":{\"@id\":\"https:\/\/csrdauditor.eu\/#website\"},\"datePublished\":\"2024-04-16T15:26:15+00:00\",\"dateModified\":\"2024-04-17T00:03:27+00:00\",\"breadcrumb\":{\"@id\":\"https:\/\/csrdauditor.eu\/tools-esrs-csrd\/#breadcrumb\"},\"inLanguage\":\"it-IT\",\"potentialAction\":[{\"@type\":\"ReadAction\",\"target\":[\"https:\/\/csrdauditor.eu\/tools-esrs-csrd\/\"]}]},{\"@type\":\"BreadcrumbList\",\"@id\":\"https:\/\/csrdauditor.eu\/tools-esrs-csrd\/#breadcrumb\",\"itemListElement\":[{\"@type\":\"ListItem\",\"position\":1,\"name\":\"Home\",\"item\":\"https:\/\/csrdauditor.eu\/\"},{\"@type\":\"ListItem\",\"position\":2,\"name\":\"Tools ESRS\/CSRD\"}]},{\"@type\":\"WebSite\",\"@id\":\"https:\/\/csrdauditor.eu\/#website\",\"url\":\"https:\/\/csrdauditor.eu\/\",\"name\":\"CSRD Auditor\",\"description\":\"European Association of CSRD Auditor\",\"publisher\":{\"@id\":\"https:\/\/csrdauditor.eu\/#organization\"},\"alternateName\":\"CSRD Auditor Association\",\"potentialAction\":[{\"@type\":\"SearchAction\",\"target\":{\"@type\":\"EntryPoint\",\"urlTemplate\":\"https:\/\/csrdauditor.eu\/?s={search_term_string}\"},\"query-input\":\"required name=search_term_string\"}],\"inLanguage\":\"it-IT\"},{\"@type\":\"Organization\",\"@id\":\"https:\/\/csrdauditor.eu\/#organization\",\"name\":\"CSRD Auditor\",\"alternateName\":\"CSRD Auditor Association\",\"url\":\"https:\/\/csrdauditor.eu\/\",\"logo\":{\"@type\":\"ImageObject\",\"inLanguage\":\"it-IT\",\"@id\":\"https:\/\/csrdauditor.eu\/#\/schema\/logo\/image\/\",\"url\":\"https:\/\/csrdauditor.eu\/wp-content\/uploads\/2024\/01\/logo_csrd_2024_blue.png\",\"contentUrl\":\"https:\/\/csrdauditor.eu\/wp-content\/uploads\/2024\/01\/logo_csrd_2024_blue.png\",\"width\":1239,\"height\":219,\"caption\":\"CSRD Auditor\"},\"image\":{\"@id\":\"https:\/\/csrdauditor.eu\/#\/schema\/logo\/image\/\"},\"sameAs\":[\"https:\/\/www.facebook.com\/csrdauditor\/\",\"https:\/\/linkedin.com\/company\/csrdauditor\/\"]}]}<\/script>\n<!-- \/ Yoast SEO Premium plugin. -->","yoast_head_json":{"title":"Tools ESRS\/CSRD - CSRD Auditor","robots":{"index":"index","follow":"follow","max-snippet":"max-snippet:-1","max-image-preview":"max-image-preview:large","max-video-preview":"max-video-preview:-1"},"canonical":"https:\/\/csrdauditor.eu\/it\/tools-esrs-csrd\/","og_locale":"it_IT","og_type":"article","og_title":"Tools ESRS\/CSRD","og_description":"ISSA 5000 CheckList Detailed Protocols for Sustainability Assurance Engagements: Ensuring Compliance ...","og_url":"https:\/\/csrdauditor.eu\/it\/tools-esrs-csrd\/","og_site_name":"CSRD Auditor","article_publisher":"https:\/\/www.facebook.com\/csrdauditor\/","article_modified_time":"2024-04-17T00:03:27+00:00","og_image":[{"width":1239,"height":219,"url":"https:\/\/csrdauditor.eu\/wp-content\/uploads\/2024\/01\/logo_csrd_2024_blue.png","type":"image\/png"}],"twitter_card":"summary_large_image","twitter_misc":{"Tempo di lettura stimato":"1 minuto"},"schema":{"@context":"https:\/\/schema.org","@graph":[{"@type":"WebPage","@id":"https:\/\/csrdauditor.eu\/tools-esrs-csrd\/","url":"https:\/\/csrdauditor.eu\/tools-esrs-csrd\/","name":"Tools ESRS\/CSRD - CSRD Auditor","isPartOf":{"@id":"https:\/\/csrdauditor.eu\/#website"},"datePublished":"2024-04-16T15:26:15+00:00","dateModified":"2024-04-17T00:03:27+00:00","breadcrumb":{"@id":"https:\/\/csrdauditor.eu\/tools-esrs-csrd\/#breadcrumb"},"inLanguage":"it-IT","potentialAction":[{"@type":"ReadAction","target":["https:\/\/csrdauditor.eu\/tools-esrs-csrd\/"]}]},{"@type":"BreadcrumbList","@id":"https:\/\/csrdauditor.eu\/tools-esrs-csrd\/#breadcrumb","itemListElement":[{"@type":"ListItem","position":1,"name":"Home","item":"https:\/\/csrdauditor.eu\/"},{"@type":"ListItem","position":2,"name":"Tools ESRS\/CSRD"}]},{"@type":"WebSite","@id":"https:\/\/csrdauditor.eu\/#website","url":"https:\/\/csrdauditor.eu\/","name":"CSRD Auditor","description":"European Association of CSRD Auditor","publisher":{"@id":"https:\/\/csrdauditor.eu\/#organization"},"alternateName":"CSRD Auditor Association","potentialAction":[{"@type":"SearchAction","target":{"@type":"EntryPoint","urlTemplate":"https:\/\/csrdauditor.eu\/?s={search_term_string}"},"query-input":"required name=search_term_string"}],"inLanguage":"it-IT"},{"@type":"Organization","@id":"https:\/\/csrdauditor.eu\/#organization","name":"CSRD Auditor","alternateName":"CSRD Auditor Association","url":"https:\/\/csrdauditor.eu\/","logo":{"@type":"ImageObject","inLanguage":"it-IT","@id":"https:\/\/csrdauditor.eu\/#\/schema\/logo\/image\/","url":"https:\/\/csrdauditor.eu\/wp-content\/uploads\/2024\/01\/logo_csrd_2024_blue.png","contentUrl":"https:\/\/csrdauditor.eu\/wp-content\/uploads\/2024\/01\/logo_csrd_2024_blue.png","width":1239,"height":219,"caption":"CSRD Auditor"},"image":{"@id":"https:\/\/csrdauditor.eu\/#\/schema\/logo\/image\/"},"sameAs":["https:\/\/www.facebook.com\/csrdauditor\/","https:\/\/linkedin.com\/company\/csrdauditor\/"]}]}},"_links":{"self":[{"href":"https:\/\/csrdauditor.eu\/it\/wp-json\/wp\/v2\/pages\/1669","targetHints":{"allow":["GET"]}}],"collection":[{"href":"https:\/\/csrdauditor.eu\/it\/wp-json\/wp\/v2\/pages"}],"about":[{"href":"https:\/\/csrdauditor.eu\/it\/wp-json\/wp\/v2\/types\/page"}],"author":[{"embeddable":true,"href":"https:\/\/csrdauditor.eu\/it\/wp-json\/wp\/v2\/users\/1"}],"replies":[{"embeddable":true,"href":"https:\/\/csrdauditor.eu\/it\/wp-json\/wp\/v2\/comments?post=1669"}],"version-history":[{"count":13,"href":"https:\/\/csrdauditor.eu\/it\/wp-json\/wp\/v2\/pages\/1669\/revisions"}],"predecessor-version":[{"id":1705,"href":"https:\/\/csrdauditor.eu\/it\/wp-json\/wp\/v2\/pages\/1669\/revisions\/1705"}],"wp:attachment":[{"href":"https:\/\/csrdauditor.eu\/it\/wp-json\/wp\/v2\/media?parent=1669"}],"curies":[{"name":"wp","href":"https:\/\/api.w.org\/{rel}","templated":true}]}}